{"id":507,"date":"2019-12-13T03:57:38","date_gmt":"2019-12-13T03:57:38","guid":{"rendered":"https:\/\/www.lv-sapv-brandenburg.de\/?page_id=507"},"modified":"2021-11-08T13:41:42","modified_gmt":"2021-11-08T12:41:42","slug":"weitere-leistungserbringer","status":"publish","type":"page","link":"https:\/\/www.lv-sapv-brandenburg.de\/?page_id=507","title":{"rendered":"Weitere Leistungserbringer"},"content":{"rendered":"\n<h2 class=\"wp-block-heading\"> <br><\/h2>\n\n\n\n<p>Die Arbeit der <span class=\"has-inline-color has-black-color\">Palliative Care Teams<\/span> ist mit vielen anderen Leistungserbringern ab zu stimmen. Sie sind Teil der Versorgung und werden bedarfsgerecht eingebunden: Nicht nur die pflegerische und kassen\u00e4rztliche Regelversorgung sondern auch Physiotherapeuten, Psychologen, sowie besondere Kooperation mit Apotheken, Hilfsmittel-Versorgern und Palliativstationen als auch&nbsp; Psychotherapeuten, Sozialarbeiter, Seelsorger oder Ehrenamtliche Hospizhelfer geh\u00f6ren dazu.&nbsp; <\/p>\n\n\n\n<p>F\u00fcr jeden einzelnen Fall kann daher das notwendige Team zusammengestellt werden. Dabei spielen auch die unsch\u00e4tzbar wertvollen Leistungen der Angeh\u00f6rigen und zugeh\u00f6rigen Menschen eine wichtige Rolle.<\/p>\n\n\n\n<p>Sollte die Versorgung des kranken Menschen in seinem Zuhause nicht mehr m\u00f6glich sein, gibt es auch die M\u00f6glichkeit, ein Hospiz oder eine Einrichtung der Kurzzeitpflege in Anspruch zu nehmen.<\/p>\n","protected":false},"excerpt":{"rendered":"<p>Die Arbeit der Palliative Care Teams ist mit vielen anderen Leistungserbringern ab zu stimmen. Sie sind Teil der Versorgung und werden bedarfsgerecht eingebunden: Nicht nur die pflegerische und kassen\u00e4rztliche Regelversorgung sondern auch Physiotherapeuten, Psychologen, sowie besondere Kooperation mit Apotheken, Hilfsmittel-Versorgern &hellip;<\/p>\n<p class=\"read-more\"> <a class=\"more-link\" href=\"https:\/\/www.lv-sapv-brandenburg.de\/?page_id=507\"> <span class=\"screen-reader-text\">Weitere Leistungserbringer<\/span> Weiterlesen &raquo;<\/a><\/p>\n","protected":false},"author":1,"featured_media":0,"parent":0,"menu_order":0,"comment_status":"closed","ping_status":"closed","template":"","meta":{"footnotes":""},"class_list":["post-507","page","type-page","status-publish","hentry"],"_links":{"self":[{"href":"https:\/\/www.lv-sapv-brandenburg.de\/index.php?rest_route=\/wp\/v2\/pages\/507","targetHints":{"allow":["GET"]}}],"collection":[{"href":"https:\/\/www.lv-sapv-brandenburg.de\/index.php?rest_route=\/wp\/v2\/pages"}],"about":[{"href":"https:\/\/www.lv-sapv-brandenburg.de\/index.php?rest_route=\/wp\/v2\/types\/page"}],"author":[{"embeddable":true,"href":"https:\/\/www.lv-sapv-brandenburg.de\/index.php?rest_route=\/wp\/v2\/users\/1"}],"replies":[{"embeddable":true,"href":"https:\/\/www.lv-sapv-brandenburg.de\/index.php?rest_route=%2Fwp%2Fv2%2Fcomments&post=507"}],"version-history":[{"count":8,"href":"https:\/\/www.lv-sapv-brandenburg.de\/index.php?rest_route=\/wp\/v2\/pages\/507\/revisions"}],"predecessor-version":[{"id":678,"href":"https:\/\/www.lv-sapv-brandenburg.de\/index.php?rest_route=\/wp\/v2\/pages\/507\/revisions\/678"}],"wp:attachment":[{"href":"https:\/\/www.lv-sapv-brandenburg.de\/index.php?rest_route=%2Fwp%2Fv2%2Fmedia&parent=507"}],"curies":[{"name":"wp","href":"https:\/\/api.w.org\/{rel}","templated":true}]}}