{"id":448,"date":"2019-05-06T12:50:28","date_gmt":"2019-05-06T12:50:28","guid":{"rendered":"https:\/\/www.lv-sapv-brandenburg.de\/?page_id=448"},"modified":"2021-11-08T13:40:28","modified_gmt":"2021-11-08T12:40:28","slug":"sapv","status":"publish","type":"page","link":"https:\/\/www.lv-sapv-brandenburg.de\/?page_id=448","title":{"rendered":"SAPV &#8211; was ist das?"},"content":{"rendered":"\t\t<div data-elementor-type=\"wp-post\" data-elementor-id=\"448\" class=\"elementor elementor-448\">\n\t\t\t\t\t\t<section class=\"elementor-section elementor-top-section elementor-element elementor-element-3fd1e726 elementor-section-boxed elementor-section-height-default elementor-section-height-default\" data-id=\"3fd1e726\" data-element_type=\"section\" data-e-type=\"section\">\n\t\t\t\t\t\t<div class=\"elementor-container elementor-column-gap-default\">\n\t\t\t\t\t<div class=\"elementor-column elementor-col-100 elementor-top-column elementor-element elementor-element-5015f5a9\" data-id=\"5015f5a9\" data-element_type=\"column\" data-e-type=\"column\">\n\t\t\t<div class=\"elementor-widget-wrap elementor-element-populated\">\n\t\t\t\t\t\t<div class=\"elementor-element elementor-element-2200f1a9 elementor-widget elementor-widget-text-editor\" data-id=\"2200f1a9\" data-element_type=\"widget\" data-e-type=\"widget\" data-widget_type=\"text-editor.default\">\n\t\t\t\t\t\t\t\t\t<p><\/p>\n<p>SAPV ist eine Versorgungsform f\u00fcr schwerstkranke Menschen in<br>\nder letzten Lebenszeit, die Zuhause, im Pflegeheim, oder im Hospiz leben. Ein<br>\nHauptanliegen ist es, zu erm\u00f6glichen, dass diese Menschen im genannten h\u00e4uslichen<br>\nUmfeld sterben k\u00f6nnen, wenn sie es wollen. <\/p>\n<p><\/p>\n<p><\/p>\n<p>Die Versorgung wird zum gr\u00f6\u00dften Teil von speziell<br>\nausgebildeten PalliativpflegerInnen und Palliativ-\u00c4rztInnen erbracht, die \u00fcber<br>\nSektorengrenzen hinweg mit Krankenhauspersonal, Fach\u00e4rzten und Haus\u00e4rzten, aber<br>\nauch mit Physiotherapeuten, Seelsorgern, Psychologen und ehrenamtlichen<br>\nHospizhelfern ein individuell zugeschnittenes Versorgungsnetz bilden. Die daf\u00fcr<br>\nnotwendige Koordination&nbsp; wird von<br>\nKoordinatorInnen der SAPV geleistet, da dieser Aufgabenbereich eine fest<br>\ninstallierte Verpflichtung der SAPV ist. Es gilt einen auf die W\u00fcnsche und<br>\nVorstellungen des Patienten zugeschnittenen Versorgungsplan umzusetzen, der<br>\nsowohl die spezialisierte Versorgung, als auch die kassen\u00e4rztliche und<br>\npflegerischen Regelversorgung, sowie die Eigenleistungen der wichtigen<br>\nAngeh\u00f6rigen und Zugeh\u00f6rigen der Patienten und die Leistungen der&nbsp; ehrenamtlichen Hospizhelfer einbindet.&nbsp; <\/p>\n<p><\/p>\n<p><\/p>\n<p>Die SAPV hilft Menschen, den Lebensweg in W\u00fcrde bis zum Ende<br>\nzu gehen, indem sie gest\u00e4rkt und gesch\u00fctzt werden. Die Versorger lindern und<br>\nhelfen, den eigenen Weg zu finden. Trotz aller schweren Symptome und der<br>\nabgr\u00fcndigen Gef\u00fchle&nbsp; von Trauer und Angst<br>\nbraucht die SAPV keinen \u00e4rztlich assistierten Suizid, oder ein T\u00f6ten auf<br>\nVerlangen.<\/p>\n<p><\/p>\n<p><\/p>\n<h2 class=\"wp-block-heading\">Rechtliche Grundlagen<\/h2>\n<p><\/p>\n<p><\/p>\n<p>Der SAPV-Versorgungsauftrag des Gesetzgebers geht nicht an<br>\ndie kassen\u00e4rztliche Vereinigung, sondern an die Krankenkassen. Aufgrund der \u00a7\u00a7<br>\n132d Abs. 1 und 37 b SGB V werden zwischen Kostentr\u00e4gern und<br>\nLeistungserbringern Direktvertr\u00e4ge verhandelt. <\/p>\n<p><\/p>\n<p><\/p>\n<p>Nach \u00a792 Absatz 1 wird die Ausgestaltung der gesetzlichen<br>\nVorgaben vom GKV-Spitzenverband (Spitzenverband Bund der Krankenkassen gem\u00e4\u00df \u00a7<br>\n217a SGB V) empfohlen. Diese Empfehlungen werden in der Versorgungspraxis<br>\nausgewertet und regelm\u00e4\u00dfig anpasst \u2013 zuletzt in der Fassung von 05.11.2012.<\/p>\n<p><\/p>\n<p><\/p>\n<p>Zum 01.01.2019 wurde das Pflegepersonal-St\u00e4rkungsgesetz<br>\n(PpSG) verabschiedet. Hierin wird in Artikel 7 der \u00a7 132d SGB V neu geregelt.<br>\nDer Spitzenverband der Krankenkassen vereinbart zurzeit mit den ma\u00dfgeblichen<br>\nSpitzenorganisationen der Hospizarbeit und Palliativversorgung auf Bundesebene einen<br>\neinheitlichen Rahmenvertrag \u00fcber die Durchf\u00fchrung der SAPV nach den Richtlinien<br>\ndes \u00a7 37b Absatz 3. Die Verhandlungen \u00fcber den einheitlichen Rahmenvertrag<br>\nsollen zum 30.09.2019 abgeschlossen sein. Dabei gilt es u.a. die s\u00e4chlichen und<br>\npersonellen Anforderungen an die Leistungserbringer, Ma\u00dfnahmen zur<br>\nQualit\u00e4tssicherung und die wesentlichen Elemente der Verg\u00fctung festzulegen.<\/p>\n<p><\/p>\n<p><\/p>\n<h2 class=\"wp-block-heading\">Wer bekommt SAPV?<\/h2>\n<p><\/p>\n<p><\/p>\n<p>\u00a7 37b SGB V<br>\ngilt f\u00fcr gesetzlich Versicherte: \u201eVersicherte mit einer nicht heilbaren,<br>\nfortschreitenden und weit fortgeschrittenen Erkrankung bei einer zugleich<br>\nbegrenzten Lebenserwartung, die eine besonders aufw\u00e4ndige Versorgung ben\u00f6tigen,<br>\nhaben Anspruch auf spezialisierte ambulante Palliativversorgung. \u2026 Dabei<br>\nsind die besonderen Belange von Kindern zu ber\u00fccksichtigen.\u201c Die Privatkassen<br>\nk\u00f6nnen \u00e4hnliche Leistungen mit den Privatversicherten vereinbaren.<\/p>\n<p><\/p>\n<p><\/p>\n<p>Nach den<br>\nEmpfehlungen des GKV-Spitzenverbandes ist eine bedarfsgerechte Versorgung mit<br>\nSAPV insbesondere dann gegeben, wenn sie wohnortnah stattfinden muss und durch<br>\ndie allgemeine Palliativversorgung nicht gew\u00e4hrleistet werden kann. <\/p>\n<p><\/p>\t\t\t\t\t\t\t\t<\/div>\n\t\t\t\t\t<\/div>\n\t\t<\/div>\n\t\t\t\t\t<\/div>\n\t\t<\/section>\n\t\t\t\t<\/div>\n\t\t","protected":false},"excerpt":{"rendered":"<p>Was ist SAPV? \u201eSAPV\u201c bedeutet Spezialisierte Ambulante Palliativmedizinische Versorgung. SAPV ist eine medizinische Versorgungsform f\u00fcr schwerstkranke Menschen am Lebensende. Sie soll erm\u00f6glichen, dass diese Menschen in ihrer gewohnten Umgebung, in der Regel in der H\u00e4uslichkeit, den letzten Abschnitt ihres Lebens &hellip;<\/p>\n<p class=\"read-more\"> <a class=\"more-link\" href=\"https:\/\/www.lv-sapv-brandenburg.de\/?page_id=448\"> <span class=\"screen-reader-text\">SAPV &#8211; was ist das?<\/span> Weiterlesen &raquo;<\/a><\/p>\n","protected":false},"author":1,"featured_media":0,"parent":0,"menu_order":0,"comment_status":"closed","ping_status":"closed","template":"","meta":{"footnotes":""},"class_list":["post-448","page","type-page","status-publish","hentry"],"_links":{"self":[{"href":"https:\/\/www.lv-sapv-brandenburg.de\/index.php?rest_route=\/wp\/v2\/pages\/448","targetHints":{"allow":["GET"]}}],"collection":[{"href":"https:\/\/www.lv-sapv-brandenburg.de\/index.php?rest_route=\/wp\/v2\/pages"}],"about":[{"href":"https:\/\/www.lv-sapv-brandenburg.de\/index.php?rest_route=\/wp\/v2\/types\/page"}],"author":[{"embeddable":true,"href":"https:\/\/www.lv-sapv-brandenburg.de\/index.php?rest_route=\/wp\/v2\/users\/1"}],"replies":[{"embeddable":true,"href":"https:\/\/www.lv-sapv-brandenburg.de\/index.php?rest_route=%2Fwp%2Fv2%2Fcomments&post=448"}],"version-history":[{"count":16,"href":"https:\/\/www.lv-sapv-brandenburg.de\/index.php?rest_route=\/wp\/v2\/pages\/448\/revisions"}],"predecessor-version":[{"id":648,"href":"https:\/\/www.lv-sapv-brandenburg.de\/index.php?rest_route=\/wp\/v2\/pages\/448\/revisions\/648"}],"wp:attachment":[{"href":"https:\/\/www.lv-sapv-brandenburg.de\/index.php?rest_route=%2Fwp%2Fv2%2Fmedia&parent=448"}],"curies":[{"name":"wp","href":"https:\/\/api.w.org\/{rel}","templated":true}]}}