{"id":444,"date":"2019-05-06T12:46:46","date_gmt":"2019-05-06T12:46:46","guid":{"rendered":"https:\/\/www.lv-sapv-brandenburg.de\/?page_id=444"},"modified":"2021-11-08T13:39:54","modified_gmt":"2021-11-08T12:39:54","slug":"landesverband-sapv-brandenburg-e-v","status":"publish","type":"page","link":"https:\/\/www.lv-sapv-brandenburg.de\/?page_id=444","title":{"rendered":"Landesverband SAPV Brandenburg e.V."},"content":{"rendered":"\n<h2 class=\"wp-block-heading\">Aufgaben und Ziele<\/h2>\n\n\n\n<ul class=\"wp-block-list\"><li>Kontinuierliche\nVerbesserung der Versorgungsqualit\u00e4t, um den Schwerstkranken bestm\u00f6gliche\nLebensqualit\u00e4t zu erm\u00f6glichen<ul><li>die\nEntwicklung eines Versorgungskonzepts, welches auf die nachhaltige Optimierung\nvon Prozess- und Strukturqualit\u00e4t gerichtet ist und ein optimales\nSchnittstellenmanagement im Hinblick auf alle an der SAPV beteiligten\nLeistungserbringer und Ehrenamtliche gew\u00e4hrleistet<\/li><\/ul><ul><li>die\numfassende Vernetzung der station\u00e4ren, teilstation\u00e4ren und ambulanten\nLeistungserbringer der Palliativversorgung unter Einbeziehung aller\nKooperationspartner,<\/li><\/ul><ul><li>das\nBereitstellen von Hilfsangeboten f\u00fcr schwerstranke und sterbende Menschen sowie\nihrer Zugeh\u00f6rigen, aber auch f\u00fcr \u00e4rztlich Behandelnde und Pflegende,<\/li><\/ul><ul><li>die\nWeiterentwicklung der fachlichen Kompetenz der Leistungserbringer in Themen der\nambulanten Palliativversorgung durch Aus- und Fortbildungsangebote sowie\nQualit\u00e4tszirkel unter Einbeziehung der Leistungserbringer aller\nVersorgungsstufen, insbesondere auch Mitarbeiter in Krankenh\u00e4usern sowie\nambulanten und station\u00e4ren Pflegeeinrichtungen.<\/li><\/ul><ul><li>die\nBeteiligung der Leistungserbringer an Projekten der Versorgungsforschung unter\nBeteiligung der Palliativakademie Brandenburg und universit\u00e4rer Einrichtungen.<\/li><\/ul><\/li><li>die\nVertretung der berufspolitischen Belange der Mitglieder gegen\u00fcber den\nKostentr\u00e4gern, insbesondere im Zusammenhang mit der Weiterentwicklung der SAPV\n&#8211; Versorgungsvertr\u00e4ge, sowie die Vertretung berufspolitischer Interessen\ngegen\u00fcber den Selbstverwaltungsgremien und zust\u00e4ndigen Ministerien auf\nLandesebene. <ul><li>insbesondere\ndie F\u00f6rderung und Vertretung der Interessen der Mitglieder bei der\nInterpretation, Auslegung und Weiterentwicklung des SAPV &#8211; Vertrages in\nBrandenburg,<\/li><\/ul><\/li><li>die\nGestaltung einer \u00d6ffentlichkeitsarbeit zur Schaffung von mehr Bewusstsein in\nder Gesellschaft im Sinne der Hospizbewegung.<ul><li>den\nAufbau und die Pflege kollegialer Beziehungen mit Vertretern des Hospiz- und\nPalliativgedankens, insbesondere mit Gesellschaften, Institutionen und anderen\nZusammenschl\u00fcssen,<\/li><\/ul><\/li><\/ul>\n","protected":false},"excerpt":{"rendered":"<p>Aufgaben und Ziele Kontinuierliche Verbesserung der Versorgungsqualit\u00e4t, um den Schwerstkranken bestm\u00f6gliche Lebensqualit\u00e4t zu erm\u00f6glichen die Entwicklung eines Versorgungskonzepts, welches auf die nachhaltige Optimierung von Prozess- und Strukturqualit\u00e4t gerichtet ist und ein optimales Schnittstellenmanagement im Hinblick auf alle an der SAPV &hellip;<\/p>\n<p class=\"read-more\"> <a class=\"more-link\" href=\"https:\/\/www.lv-sapv-brandenburg.de\/?page_id=444\"> <span class=\"screen-reader-text\">Landesverband SAPV Brandenburg e.V.<\/span> Weiterlesen &raquo;<\/a><\/p>\n","protected":false},"author":1,"featured_media":0,"parent":0,"menu_order":0,"comment_status":"closed","ping_status":"closed","template":"","meta":{"footnotes":""},"class_list":["post-444","page","type-page","status-publish","hentry"],"_links":{"self":[{"href":"https:\/\/www.lv-sapv-brandenburg.de\/index.php?rest_route=\/wp\/v2\/pages\/444","targetHints":{"allow":["GET"]}}],"collection":[{"href":"https:\/\/www.lv-sapv-brandenburg.de\/index.php?rest_route=\/wp\/v2\/pages"}],"about":[{"href":"https:\/\/www.lv-sapv-brandenburg.de\/index.php?rest_route=\/wp\/v2\/types\/page"}],"author":[{"embeddable":true,"href":"https:\/\/www.lv-sapv-brandenburg.de\/index.php?rest_route=\/wp\/v2\/users\/1"}],"replies":[{"embeddable":true,"href":"https:\/\/www.lv-sapv-brandenburg.de\/index.php?rest_route=%2Fwp%2Fv2%2Fcomments&post=444"}],"version-history":[{"count":1,"href":"https:\/\/www.lv-sapv-brandenburg.de\/index.php?rest_route=\/wp\/v2\/pages\/444\/revisions"}],"predecessor-version":[{"id":445,"href":"https:\/\/www.lv-sapv-brandenburg.de\/index.php?rest_route=\/wp\/v2\/pages\/444\/revisions\/445"}],"wp:attachment":[{"href":"https:\/\/www.lv-sapv-brandenburg.de\/index.php?rest_route=%2Fwp%2Fv2%2Fmedia&parent=444"}],"curies":[{"name":"wp","href":"https:\/\/api.w.org\/{rel}","templated":true}]}}